{"id":7,"date":"2026-01-25T07:32:24","date_gmt":"2026-01-25T07:32:24","guid":{"rendered":"https:\/\/garamokogenagames.com\/?page_id=7"},"modified":"2026-01-27T18:21:28","modified_gmt":"2026-01-27T18:21:28","slug":"tragamonedas","status":"publish","type":"page","link":"https:\/\/garamokogenagames.com\/index.php\/tragamonedas\/","title":{"rendered":"Tragamonedas"},"content":{"rendered":"\t\t<div data-elementor-type=\"wp-page\" data-elementor-id=\"7\" class=\"elementor elementor-7\">\n\t\t\t\t<div class=\"elementor-element elementor-element-d27cce5 e-con-full e-flex e-con e-parent\" data-id=\"d27cce5\" data-element_type=\"container\" data-e-type=\"container\" data-settings=\"{&quot;background_background&quot;:&quot;classic&quot;}\">\n\t\t\t\t<\/div>\n\t\t<div class=\"elementor-element elementor-element-cb78987 e-flex e-con-boxed e-con e-parent\" data-id=\"cb78987\" data-element_type=\"container\" data-e-type=\"container\">\n\t\t\t\t\t<div class=\"e-con-inner\">\n\t\t<div class=\"elementor-element elementor-element-2b1ddfd e-con-full e-flex e-con e-child\" data-id=\"2b1ddfd\" data-element_type=\"container\" data-e-type=\"container\">\n\t\t\t\t<div class=\"elementor-element elementor-element-73def03 elementor-widget elementor-widget-heading\" data-id=\"73def03\" data-element_type=\"widget\" data-e-type=\"widget\" data-widget_type=\"heading.default\">\n\t\t\t\t\t<h2 class=\"elementor-heading-title elementor-size-default\">BINGO BLITSZ - BINGO GAMES <\/h2>\t\t\t\t<\/div>\n\t\t\t\t<div class=\"elementor-element elementor-element-45aa8a3 elementor-widget__width-inherit elementor-widget elementor-widget-image\" data-id=\"45aa8a3\" data-element_type=\"widget\" data-e-type=\"widget\" data-widget_type=\"image.default\">\n\t\t\t\t\t\t\t\t\t\t\t\t\t\t\t<img fetchpriority=\"high\" decoding=\"async\" width=\"935\" height=\"529\" src=\"https:\/\/garamokogenagames.com\/wp-content\/uploads\/2026\/01\/bingo-blitz-11.png\" class=\"attachment-full size-full wp-image-411\" alt=\"\" srcset=\"https:\/\/garamokogenagames.com\/wp-content\/uploads\/2026\/01\/bingo-blitz-11.png 935w, https:\/\/garamokogenagames.com\/wp-content\/uploads\/2026\/01\/bingo-blitz-11-300x170.png 300w, https:\/\/garamokogenagames.com\/wp-content\/uploads\/2026\/01\/bingo-blitz-11-768x435.png 768w\" sizes=\"(max-width: 935px) 100vw, 935px\" \/>\t\t\t\t\t\t\t\t\t\t\t\t\t\t\t<\/div>\n\t\t\t\t<div class=\"elementor-element elementor-element-e40bc49 elementor-absolute elementor-align-center elementor-widget elementor-widget-button\" data-id=\"e40bc49\" data-element_type=\"widget\" data-e-type=\"widget\" data-settings=\"{&quot;_position&quot;:&quot;absolute&quot;}\" data-widget_type=\"button.default\">\n\t\t\t\t\t\t\t\t\t\t<a class=\"elementor-button elementor-button-link elementor-size-sm\" href=\"https:\/\/garamokogenagames.com\/index.php\/bingo-blitsz-bingo-games\">\n\t\t\t\t\t\t<span class=\"elementor-button-content-wrapper\">\n\t\t\t\t\t\t\t\t\t<span class=\"elementor-button-text\">Ver m\u00e1s<\/span>\n\t\t\t\t\t<\/span>\n\t\t\t\t\t<\/a>\n\t\t\t\t\t\t\t\t<\/div>\n\t\t\t\t<div class=\"elementor-element elementor-element-abe22fa elementor-absolute elementor-widget elementor-widget-button\" data-id=\"abe22fa\" data-element_type=\"widget\" data-e-type=\"widget\" data-settings=\"{&quot;_position&quot;:&quot;absolute&quot;}\" data-widget_type=\"button.default\">\n\t\t\t\t\t\t\t\t\t\t<a class=\"elementor-button elementor-button-link elementor-size-sm\" href=\"https:\/\/garamokogenagames.com\/index.php\/dancing-drums-slots-casino\/\">\n\t\t\t\t\t\t<span class=\"elementor-button-content-wrapper\">\n\t\t\t\t\t\t\t\t\t<span class=\"elementor-button-text\">Ver m\u00e1s<\/span>\n\t\t\t\t\t<\/span>\n\t\t\t\t\t<\/a>\n\t\t\t\t\t\t\t\t<\/div>\n\t\t\t\t<div class=\"elementor-element elementor-element-cad531e elementor-absolute elementor-widget elementor-widget-button\" data-id=\"cad531e\" data-element_type=\"widget\" data-e-type=\"widget\" data-settings=\"{&quot;_position&quot;:&quot;absolute&quot;}\" data-widget_type=\"button.default\">\n\t\t\t\t\t\t\t\t\t\t<a class=\"elementor-button elementor-button-link elementor-size-sm\" href=\"https:\/\/garamokogenagames.com\/index.php\/double-u-casino-vegas-slots\/\">\n\t\t\t\t\t\t<span class=\"elementor-button-content-wrapper\">\n\t\t\t\t\t\t\t\t\t<span class=\"elementor-button-text\">Ver m\u00e1s<\/span>\n\t\t\t\t\t<\/span>\n\t\t\t\t\t<\/a>\n\t\t\t\t\t\t\t\t<\/div>\n\t\t\t\t<div class=\"elementor-element elementor-element-e44584a elementor-absolute elementor-widget elementor-widget-button\" data-id=\"e44584a\" data-element_type=\"widget\" data-e-type=\"widget\" data-settings=\"{&quot;_position&quot;:&quot;absolute&quot;}\" data-widget_type=\"button.default\">\n\t\t\t\t\t\t\t\t\t\t<a class=\"elementor-button elementor-button-link elementor-size-sm\" href=\"https:\/\/garamokogenagames.com\/index.php\/galaxy-casino-tragamonedas\/\">\n\t\t\t\t\t\t<span class=\"elementor-button-content-wrapper\">\n\t\t\t\t\t\t\t\t\t<span class=\"elementor-button-text\">Ver m\u00e1s<\/span>\n\t\t\t\t\t<\/span>\n\t\t\t\t\t<\/a>\n\t\t\t\t\t\t\t\t<\/div>\n\t\t\t\t<div class=\"elementor-element elementor-element-b402a3d elementor-absolute elementor-widget elementor-widget-button\" data-id=\"b402a3d\" data-element_type=\"widget\" data-e-type=\"widget\" data-settings=\"{&quot;_position&quot;:&quot;absolute&quot;}\" data-widget_type=\"button.default\">\n\t\t\t\t\t\t\t\t\t\t<a class=\"elementor-button elementor-button-link elementor-size-sm\" href=\"https:\/\/garamokogenagames.com\/index.php\/golden-casino\/\">\n\t\t\t\t\t\t<span class=\"elementor-button-content-wrapper\">\n\t\t\t\t\t\t\t\t\t<span class=\"elementor-button-text\">Ver m\u00e1s<\/span>\n\t\t\t\t\t<\/span>\n\t\t\t\t\t<\/a>\n\t\t\t\t\t\t\t\t<\/div>\n\t\t\t\t<div class=\"elementor-element elementor-element-d2d28b4 elementor-absolute elementor-widget elementor-widget-button\" data-id=\"d2d28b4\" data-element_type=\"widget\" data-e-type=\"widget\" data-settings=\"{&quot;_position&quot;:&quot;absolute&quot;}\" data-widget_type=\"button.default\">\n\t\t\t\t\t\t\t\t\t\t<a class=\"elementor-button elementor-button-link elementor-size-sm\" href=\"https:\/\/garamokogenagames.com\/index.php\/jackpot-master-slots\/\">\n\t\t\t\t\t\t<span class=\"elementor-button-content-wrapper\">\n\t\t\t\t\t\t\t\t\t<span class=\"elementor-button-text\">Ver m\u00e1s<\/span>\n\t\t\t\t\t<\/span>\n\t\t\t\t\t<\/a>\n\t\t\t\t\t\t\t\t<\/div>\n\t\t\t\t<div class=\"elementor-element elementor-element-e9cffcb elementor-absolute elementor-widget elementor-widget-button\" data-id=\"e9cffcb\" data-element_type=\"widget\" data-e-type=\"widget\" data-settings=\"{&quot;_position&quot;:&quot;absolute&quot;}\" data-widget_type=\"button.default\">\n\t\t\t\t\t\t\t\t\t\t<a class=\"elementor-button elementor-button-link elementor-size-sm\" href=\"https:\/\/garamokogenagames.com\/index.php\/jackpot-party-tragamonedas\/\">\n\t\t\t\t\t\t<span class=\"elementor-button-content-wrapper\">\n\t\t\t\t\t\t\t\t\t<span class=\"elementor-button-text\">Ver m\u00e1s<\/span>\n\t\t\t\t\t<\/span>\n\t\t\t\t\t<\/a>\n\t\t\t\t\t\t\t\t<\/div>\n\t\t\t\t<div class=\"elementor-element elementor-element-c4335c6 elementor-absolute elementor-widget elementor-widget-button\" data-id=\"c4335c6\" data-element_type=\"widget\" data-e-type=\"widget\" data-settings=\"{&quot;_position&quot;:&quot;absolute&quot;}\" data-widget_type=\"button.default\">\n\t\t\t\t\t\t\t\t\t\t<a class=\"elementor-button elementor-button-link elementor-size-sm\" href=\"https:\/\/garamokogenagames.com\/index.php\/lucky-time-slots-casino\/\">\n\t\t\t\t\t\t<span class=\"elementor-button-content-wrapper\">\n\t\t\t\t\t\t\t\t\t<span class=\"elementor-button-text\">Ver m\u00e1s<\/span>\n\t\t\t\t\t<\/span>\n\t\t\t\t\t<\/a>\n\t\t\t\t\t\t\t\t<\/div>\n\t\t\t\t<\/div>\n\t\t\t\t\t<\/div>\n\t\t\t\t<\/div>\n\t\t<div class=\"elementor-element elementor-element-69b1c8a e-flex e-con-boxed e-con e-parent\" data-id=\"69b1c8a\" data-element_type=\"container\" data-e-type=\"container\">\n\t\t\t\t\t<div class=\"e-con-inner\">\n\t\t<div class=\"elementor-element elementor-element-f09392d e-con-full e-flex e-con e-child\" data-id=\"f09392d\" data-element_type=\"container\" data-e-type=\"container\">\n\t\t\t\t<div class=\"elementor-element elementor-element-702be82 elementor-widget elementor-widget-heading\" data-id=\"702be82\" data-element_type=\"widget\" data-e-type=\"widget\" data-widget_type=\"heading.default\">\n\t\t\t\t\t<h2 class=\"elementor-heading-title elementor-size-default\">DANCING DRUMS SLOTS\nCASINO<\/h2>\t\t\t\t<\/div>\n\t\t\t\t<div class=\"elementor-element elementor-element-5748521 elementor-widget elementor-widget-image\" data-id=\"5748521\" data-element_type=\"widget\" data-e-type=\"widget\" data-widget_type=\"image.default\">\n\t\t\t\t\t\t\t\t\t\t\t\t\t\t\t<img decoding=\"async\" width=\"1100\" height=\"600\" src=\"https:\/\/garamokogenagames.com\/wp-content\/uploads\/2026\/01\/1100x600-dancing-drums-tower-2.jpg\" class=\"attachment-full size-full wp-image-415\" alt=\"\" srcset=\"https:\/\/garamokogenagames.com\/wp-content\/uploads\/2026\/01\/1100x600-dancing-drums-tower-2.jpg 1100w, https:\/\/garamokogenagames.com\/wp-content\/uploads\/2026\/01\/1100x600-dancing-drums-tower-2-300x164.jpg 300w, https:\/\/garamokogenagames.com\/wp-content\/uploads\/2026\/01\/1100x600-dancing-drums-tower-2-1024x559.jpg 1024w, https:\/\/garamokogenagames.com\/wp-content\/uploads\/2026\/01\/1100x600-dancing-drums-tower-2-768x419.jpg 768w\" sizes=\"(max-width: 1100px) 100vw, 1100px\" \/>\t\t\t\t\t\t\t\t\t\t\t\t\t\t\t<\/div>\n\t\t\t\t<\/div>\n\t\t\t\t\t<\/div>\n\t\t\t\t<\/div>\n\t\t<div class=\"elementor-element elementor-element-20051dd e-flex e-con-boxed e-con e-parent\" data-id=\"20051dd\" data-element_type=\"container\" data-e-type=\"container\">\n\t\t\t\t\t<div class=\"e-con-inner\">\n\t\t<div class=\"elementor-element elementor-element-9ce9931 e-con-full e-flex e-con e-child\" data-id=\"9ce9931\" data-element_type=\"container\" data-e-type=\"container\">\n\t\t\t\t<div class=\"elementor-element elementor-element-b476d41 elementor-widget elementor-widget-heading\" data-id=\"b476d41\" data-element_type=\"widget\" data-e-type=\"widget\" data-widget_type=\"heading.default\">\n\t\t\t\t\t<h2 class=\"elementor-heading-title elementor-size-default\">DOUBLE U CASINO - VEGAS\nSLOTS<\/h2>\t\t\t\t<\/div>\n\t\t\t\t<div class=\"elementor-element elementor-element-5465838 elementor-widget elementor-widget-image\" data-id=\"5465838\" data-element_type=\"widget\" data-e-type=\"widget\" data-widget_type=\"image.default\">\n\t\t\t\t\t\t\t\t\t\t\t\t\t\t\t<img decoding=\"async\" width=\"960\" height=\"355\" src=\"https:\/\/garamokogenagames.com\/wp-content\/uploads\/2026\/01\/larga.png\" class=\"attachment-full size-full wp-image-419\" alt=\"\" srcset=\"https:\/\/garamokogenagames.com\/wp-content\/uploads\/2026\/01\/larga.png 960w, https:\/\/garamokogenagames.com\/wp-content\/uploads\/2026\/01\/larga-300x111.png 300w, https:\/\/garamokogenagames.com\/wp-content\/uploads\/2026\/01\/larga-768x284.png 768w\" sizes=\"(max-width: 960px) 100vw, 960px\" \/>\t\t\t\t\t\t\t\t\t\t\t\t\t\t\t<\/div>\n\t\t\t\t<\/div>\n\t\t\t\t\t<\/div>\n\t\t\t\t<\/div>\n\t\t<div class=\"elementor-element elementor-element-7d27010 e-flex e-con-boxed e-con e-parent\" data-id=\"7d27010\" data-element_type=\"container\" data-e-type=\"container\">\n\t\t\t\t\t<div class=\"e-con-inner\">\n\t\t<div class=\"elementor-element elementor-element-19168c7 e-con-full e-flex e-con e-child\" data-id=\"19168c7\" data-element_type=\"container\" data-e-type=\"container\">\n\t\t\t\t<div class=\"elementor-element elementor-element-432e194 elementor-widget elementor-widget-heading\" data-id=\"432e194\" data-element_type=\"widget\" data-e-type=\"widget\" data-widget_type=\"heading.default\">\n\t\t\t\t\t<h2 class=\"elementor-heading-title elementor-size-default\">GALAXY CASINO -\nTRAGAMONEDAS<\/h2>\t\t\t\t<\/div>\n\t\t\t\t<div class=\"elementor-element elementor-element-84298f5 elementor-widget elementor-widget-image\" data-id=\"84298f5\" data-element_type=\"widget\" data-e-type=\"widget\" data-widget_type=\"image.default\">\n\t\t\t\t\t\t\t\t\t\t\t\t\t\t\t<img loading=\"lazy\" decoding=\"async\" width=\"1216\" height=\"687\" src=\"https:\/\/garamokogenagames.com\/wp-content\/uploads\/2026\/01\/galaxy-casino-2.png\" class=\"attachment-full size-full wp-image-423\" alt=\"\" srcset=\"https:\/\/garamokogenagames.com\/wp-content\/uploads\/2026\/01\/galaxy-casino-2.png 1216w, https:\/\/garamokogenagames.com\/wp-content\/uploads\/2026\/01\/galaxy-casino-2-300x169.png 300w, https:\/\/garamokogenagames.com\/wp-content\/uploads\/2026\/01\/galaxy-casino-2-1024x579.png 1024w, https:\/\/garamokogenagames.com\/wp-content\/uploads\/2026\/01\/galaxy-casino-2-768x434.png 768w\" sizes=\"(max-width: 1216px) 100vw, 1216px\" \/>\t\t\t\t\t\t\t\t\t\t\t\t\t\t\t<\/div>\n\t\t\t\t<\/div>\n\t\t\t\t\t<\/div>\n\t\t\t\t<\/div>\n\t\t<div class=\"elementor-element elementor-element-5f7c9df e-flex e-con-boxed e-con e-parent\" data-id=\"5f7c9df\" data-element_type=\"container\" data-e-type=\"container\">\n\t\t\t\t\t<div class=\"e-con-inner\">\n\t\t<div class=\"elementor-element elementor-element-267861f e-con-full e-flex e-con e-child\" data-id=\"267861f\" data-element_type=\"container\" data-e-type=\"container\">\n\t\t\t\t<div class=\"elementor-element elementor-element-5733d51 elementor-widget elementor-widget-heading\" data-id=\"5733d51\" data-element_type=\"widget\" data-e-type=\"widget\" data-widget_type=\"heading.default\">\n\t\t\t\t\t<h2 class=\"elementor-heading-title elementor-size-default\">GOLDEN CASINO<\/h2>\t\t\t\t<\/div>\n\t\t\t\t<div class=\"elementor-element elementor-element-5a79148 elementor-widget elementor-widget-image\" data-id=\"5a79148\" data-element_type=\"widget\" data-e-type=\"widget\" data-widget_type=\"image.default\">\n\t\t\t\t\t\t\t\t\t\t\t\t\t\t\t<img loading=\"lazy\" decoding=\"async\" width=\"1280\" height=\"720\" src=\"https:\/\/garamokogenagames.com\/wp-content\/uploads\/2026\/01\/portada.jpg\" class=\"attachment-full size-full wp-image-480\" alt=\"\" srcset=\"https:\/\/garamokogenagames.com\/wp-content\/uploads\/2026\/01\/portada.jpg 1280w, https:\/\/garamokogenagames.com\/wp-content\/uploads\/2026\/01\/portada-300x169.jpg 300w, https:\/\/garamokogenagames.com\/wp-content\/uploads\/2026\/01\/portada-1024x576.jpg 1024w, https:\/\/garamokogenagames.com\/wp-content\/uploads\/2026\/01\/portada-768x432.jpg 768w\" sizes=\"(max-width: 1280px) 100vw, 1280px\" \/>\t\t\t\t\t\t\t\t\t\t\t\t\t\t\t<\/div>\n\t\t\t\t<\/div>\n\t\t\t\t\t<\/div>\n\t\t\t\t<\/div>\n\t\t<div class=\"elementor-element elementor-element-cb3455d e-flex e-con-boxed e-con e-parent\" data-id=\"cb3455d\" data-element_type=\"container\" data-e-type=\"container\">\n\t\t\t\t\t<div class=\"e-con-inner\">\n\t\t<div class=\"elementor-element elementor-element-907a345 e-con-full e-flex e-con e-child\" data-id=\"907a345\" data-element_type=\"container\" data-e-type=\"container\">\n\t\t\t\t<div class=\"elementor-element elementor-element-273513c elementor-widget elementor-widget-heading\" data-id=\"273513c\" data-element_type=\"widget\" data-e-type=\"widget\" data-widget_type=\"heading.default\">\n\t\t\t\t\t<h2 class=\"elementor-heading-title elementor-size-default\">JACKPOT MASTER SLOTS<\/h2>\t\t\t\t<\/div>\n\t\t\t\t<div class=\"elementor-element elementor-element-72c548c elementor-widget elementor-widget-image\" data-id=\"72c548c\" data-element_type=\"widget\" data-e-type=\"widget\" data-widget_type=\"image.default\">\n\t\t\t\t\t\t\t\t\t\t\t\t\t\t\t<img loading=\"lazy\" decoding=\"async\" width=\"1200\" height=\"630\" src=\"https:\/\/garamokogenagames.com\/wp-content\/uploads\/2026\/01\/index_icon.png\" class=\"attachment-full size-full wp-image-514\" alt=\"\" srcset=\"https:\/\/garamokogenagames.com\/wp-content\/uploads\/2026\/01\/index_icon.png 1200w, https:\/\/garamokogenagames.com\/wp-content\/uploads\/2026\/01\/index_icon-300x158.png 300w, https:\/\/garamokogenagames.com\/wp-content\/uploads\/2026\/01\/index_icon-1024x538.png 1024w, https:\/\/garamokogenagames.com\/wp-content\/uploads\/2026\/01\/index_icon-768x403.png 768w\" sizes=\"(max-width: 1200px) 100vw, 1200px\" \/>\t\t\t\t\t\t\t\t\t\t\t\t\t\t\t<\/div>\n\t\t\t\t<\/div>\n\t\t\t\t\t<\/div>\n\t\t\t\t<\/div>\n\t\t<div class=\"elementor-element elementor-element-da7a5eb e-flex e-con-boxed e-con e-parent\" data-id=\"da7a5eb\" data-element_type=\"container\" data-e-type=\"container\">\n\t\t\t\t\t<div class=\"e-con-inner\">\n\t\t<div class=\"elementor-element elementor-element-958f2eb e-con-full e-flex e-con e-child\" data-id=\"958f2eb\" data-element_type=\"container\" data-e-type=\"container\">\n\t\t\t\t<div class=\"elementor-element elementor-element-8959945 elementor-widget elementor-widget-heading\" data-id=\"8959945\" data-element_type=\"widget\" data-e-type=\"widget\" data-widget_type=\"heading.default\">\n\t\t\t\t\t<h2 class=\"elementor-heading-title elementor-size-default\">JACKPOT PARTY\nTRAGAMONEDAS<\/h2>\t\t\t\t<\/div>\n\t\t\t\t<div class=\"elementor-element elementor-element-9225f2c elementor-widget elementor-widget-image\" data-id=\"9225f2c\" data-element_type=\"widget\" data-e-type=\"widget\" data-widget_type=\"image.default\">\n\t\t\t\t\t\t\t\t\t\t\t\t\t\t\t<img loading=\"lazy\" decoding=\"async\" width=\"1024\" height=\"500\" src=\"https:\/\/garamokogenagames.com\/wp-content\/uploads\/2026\/01\/inicio-1.png\" class=\"attachment-full size-full wp-image-516\" alt=\"\" srcset=\"https:\/\/garamokogenagames.com\/wp-content\/uploads\/2026\/01\/inicio-1.png 1024w, https:\/\/garamokogenagames.com\/wp-content\/uploads\/2026\/01\/inicio-1-300x146.png 300w, https:\/\/garamokogenagames.com\/wp-content\/uploads\/2026\/01\/inicio-1-768x375.png 768w\" sizes=\"(max-width: 1024px) 100vw, 1024px\" \/>\t\t\t\t\t\t\t\t\t\t\t\t\t\t\t<\/div>\n\t\t\t\t<\/div>\n\t\t\t\t\t<\/div>\n\t\t\t\t<\/div>\n\t\t<div class=\"elementor-element elementor-element-2efcdbd e-flex e-con-boxed e-con e-parent\" data-id=\"2efcdbd\" data-element_type=\"container\" data-e-type=\"container\">\n\t\t\t\t\t<div class=\"e-con-inner\">\n\t\t<div class=\"elementor-element elementor-element-8590e52 e-con-full e-flex e-con e-child\" data-id=\"8590e52\" data-element_type=\"container\" data-e-type=\"container\">\n\t\t\t\t<div class=\"elementor-element elementor-element-8a8c356 elementor-widget elementor-widget-heading\" data-id=\"8a8c356\" data-element_type=\"widget\" data-e-type=\"widget\" data-widget_type=\"heading.default\">\n\t\t\t\t\t<h2 class=\"elementor-heading-title elementor-size-default\">LUCKY TIME SLOTS - CASINO<\/h2>\t\t\t\t<\/div>\n\t\t\t\t<div class=\"elementor-element elementor-element-4b42fd6 elementor-widget elementor-widget-image\" data-id=\"4b42fd6\" data-element_type=\"widget\" data-e-type=\"widget\" data-widget_type=\"image.default\">\n\t\t\t\t\t\t\t\t\t\t\t\t\t\t\t<img loading=\"lazy\" decoding=\"async\" width=\"828\" height=\"315\" src=\"https:\/\/garamokogenagames.com\/wp-content\/uploads\/2026\/01\/inicio-2.png\" class=\"attachment-full size-full wp-image-536\" alt=\"\" srcset=\"https:\/\/garamokogenagames.com\/wp-content\/uploads\/2026\/01\/inicio-2.png 828w, https:\/\/garamokogenagames.com\/wp-content\/uploads\/2026\/01\/inicio-2-300x114.png 300w, https:\/\/garamokogenagames.com\/wp-content\/uploads\/2026\/01\/inicio-2-768x292.png 768w\" sizes=\"(max-width: 828px) 100vw, 828px\" \/>\t\t\t\t\t\t\t\t\t\t\t\t\t\t\t<\/div>\n\t\t\t\t<\/div>\n\t\t\t\t\t<\/div>\n\t\t\t\t<\/div>\n\t\t\t\t<\/div>\n\t\t","protected":false},"excerpt":{"rendered":"<p>BINGO BLITSZ &#8211; BINGO GAMES Ver m\u00e1s Ver m\u00e1s Ver m\u00e1s Ver m\u00e1s Ver m\u00e1s Ver m\u00e1s Ver m\u00e1s Ver m\u00e1s DANCING DRUMS SLOTS CASINO DOUBLE U CASINO &#8211; VEGAS SLOTS GALAXY CASINO &#8211; TRAGAMONEDAS GOLDEN CASINO JACKPOT MASTER SLOTS JACKPOT PARTY TRAGAMONEDAS LUCKY TIME SLOTS &#8211; CASINO<\/p>\n","protected":false},"author":1,"featured_media":0,"parent":0,"menu_order":0,"comment_status":"closed","ping_status":"closed","template":"","meta":{"footnotes":""},"class_list":["post-7","page","type-page","status-publish","hentry"],"_links":{"self":[{"href":"https:\/\/garamokogenagames.com\/index.php\/wp-json\/wp\/v2\/pages\/7","targetHints":{"allow":["GET"]}}],"collection":[{"href":"https:\/\/garamokogenagames.com\/index.php\/wp-json\/wp\/v2\/pages"}],"about":[{"href":"https:\/\/garamokogenagames.com\/index.php\/wp-json\/wp\/v2\/types\/page"}],"author":[{"embeddable":true,"href":"https:\/\/garamokogenagames.com\/index.php\/wp-json\/wp\/v2\/users\/1"}],"replies":[{"embeddable":true,"href":"https:\/\/garamokogenagames.com\/index.php\/wp-json\/wp\/v2\/comments?post=7"}],"version-history":[{"count":107,"href":"https:\/\/garamokogenagames.com\/index.php\/wp-json\/wp\/v2\/pages\/7\/revisions"}],"predecessor-version":[{"id":661,"href":"https:\/\/garamokogenagames.com\/index.php\/wp-json\/wp\/v2\/pages\/7\/revisions\/661"}],"wp:attachment":[{"href":"https:\/\/garamokogenagames.com\/index.php\/wp-json\/wp\/v2\/media?parent=7"}],"curies":[{"name":"wp","href":"https:\/\/api.w.org\/{rel}","templated":true}]}}