{"id":40,"date":"2026-01-25T08:32:46","date_gmt":"2026-01-25T08:32:46","guid":{"rendered":"https:\/\/garamokogenagames.com\/?page_id=40"},"modified":"2026-01-29T06:56:03","modified_gmt":"2026-01-29T06:56:03","slug":"bingo-blitsz-bingo-games","status":"publish","type":"page","link":"https:\/\/garamokogenagames.com\/index.php\/bingo-blitsz-bingo-games\/","title":{"rendered":"BINGO BLITSZ &#8211; BINGO GAMES"},"content":{"rendered":"\t\t<div data-elementor-type=\"wp-page\" data-elementor-id=\"40\" class=\"elementor elementor-40\">\n\t\t\t\t<div class=\"elementor-element elementor-element-71a37ac e-flex e-con-boxed e-con e-parent\" data-id=\"71a37ac\" data-element_type=\"container\" data-e-type=\"container\" data-settings=\"{&quot;background_background&quot;:&quot;classic&quot;}\">\n\t\t\t\t\t<div class=\"e-con-inner\">\n\t\t\t\t\t<\/div>\n\t\t\t\t<\/div>\n\t\t<div class=\"elementor-element elementor-element-29dcfd0 e-flex e-con-boxed e-con e-parent\" data-id=\"29dcfd0\" data-element_type=\"container\" data-e-type=\"container\">\n\t\t\t\t\t<div class=\"e-con-inner\">\n\t\t<div class=\"elementor-element elementor-element-a739ba2 e-con-full e-flex e-con e-child\" data-id=\"a739ba2\" data-element_type=\"container\" data-e-type=\"container\">\n\t\t\t\t<div class=\"elementor-element elementor-element-b98042a elementor-widget elementor-widget-heading\" data-id=\"b98042a\" data-element_type=\"widget\" data-e-type=\"widget\" data-widget_type=\"heading.default\">\n\t\t\t\t\t<h3 class=\"elementor-heading-title elementor-size-default\">\u00a1Probemos tu suerte!<\/h3>\t\t\t\t<\/div>\n\t\t\t\t<div class=\"elementor-element elementor-element-79ece68 elementor-widget elementor-widget-text-editor\" data-id=\"79ece68\" data-element_type=\"widget\" data-e-type=\"widget\" data-widget_type=\"text-editor.default\">\n\t\t\t\t\t\t\t\t\t<p><span dir=\"auto\">Bingo Blitz est\u00e1 destinado a mayores de 21 a\u00f1os \u00fanicamente con fines de entretenimiento y no ofrece apuestas con \u00abdinero real\u00bb, ni la oportunidad de ganar dinero real o premios reales basados \u200b\u200ben el juego. Jugar o tener \u00e9xito en este juego no implica \u00e9xito futuro en las apuestas con \u00abdinero real\u00bb.<\/span><br \/><br \/><span dir=\"auto\">Bingo Blitz no requiere pago para acceder y jugar, pero tambi\u00e9n te permite comprar art\u00edculos virtuales con dinero real dentro del juego, incluyendo art\u00edculos aleatorios. Puedes desactivar las compras dentro de la aplicaci\u00f3n en la configuraci\u00f3n de tu dispositivo. Bingo Blitz tambi\u00e9n puede contener publicidad. Es posible que necesites una conexi\u00f3n a Internet para jugar a Bingo Blitz y acceder a sus funciones sociales. Tambi\u00e9n puedes encontrar m\u00e1s informaci\u00f3n sobre la funcionalidad, compatibilidad e interoperabilidad de Bingo Blitz en la descripci\u00f3n anterior.<\/span><br \/><br \/><span dir=\"auto\">Al acceder y jugar a este juego, aceptas futuras actualizaciones del juego que se publiquen en este sitio web. Puedes optar por actualizar este juego, pero si no lo haces, tu experiencia de juego y sus funcionalidades pueden verse reducidas.<\/span><\/p><p>\u00bfNecesitas m\u00e1s cr\u00e9ditos para jugar m\u00e1s bingo? \u00a1No busques m\u00e1s! \u00a1Hay muchas maneras de conseguir cr\u00e9ditos y obsequios gratis tanto dentro como fuera de Bingo Blitz! Sigue leyendo para conocer todos los lugares donde puedes encontrar cr\u00e9ditos gratis,\u00a0<\/p>\t\t\t\t\t\t\t\t<\/div>\n\t\t\t\t<\/div>\n\t\t\t\t\t<\/div>\n\t\t\t\t<\/div>\n\t\t<div class=\"elementor-element elementor-element-298e78c e-flex e-con-boxed e-con e-parent\" data-id=\"298e78c\" data-element_type=\"container\" data-e-type=\"container\">\n\t\t\t\t\t<div class=\"e-con-inner\">\n\t\t<div class=\"elementor-element elementor-element-4196ddc e-con-full e-flex e-con e-child\" data-id=\"4196ddc\" data-element_type=\"container\" data-e-type=\"container\">\n\t\t<div class=\"elementor-element elementor-element-a341aae e-con-full e-flex e-con e-child\" data-id=\"a341aae\" data-element_type=\"container\" data-e-type=\"container\">\n\t\t\t\t<div class=\"elementor-element elementor-element-406ae5b elementor-widget elementor-widget-image\" data-id=\"406ae5b\" data-element_type=\"widget\" data-e-type=\"widget\" data-widget_type=\"image.default\">\n\t\t\t\t\t\t\t\t\t\t\t\t\t\t\t<img fetchpriority=\"high\" decoding=\"async\" width=\"613\" height=\"375\" src=\"https:\/\/garamokogenagames.com\/wp-content\/uploads\/2026\/01\/bingo-blitz.png\" class=\"attachment-large size-large wp-image-388\" alt=\"\" srcset=\"https:\/\/garamokogenagames.com\/wp-content\/uploads\/2026\/01\/bingo-blitz.png 613w, https:\/\/garamokogenagames.com\/wp-content\/uploads\/2026\/01\/bingo-blitz-300x184.png 300w\" sizes=\"(max-width: 613px) 100vw, 613px\" \/>\t\t\t\t\t\t\t\t\t\t\t\t\t\t\t<\/div>\n\t\t\t\t<\/div>\n\t\t\t\t<\/div>\n\t\t<div class=\"elementor-element elementor-element-91a42b1 e-con-full e-flex e-con e-child\" data-id=\"91a42b1\" data-element_type=\"container\" data-e-type=\"container\">\n\t\t<div class=\"elementor-element elementor-element-788efba e-con-full e-flex e-con e-child\" data-id=\"788efba\" data-element_type=\"container\" data-e-type=\"container\">\n\t\t\t\t<div class=\"elementor-element elementor-element-257a808 elementor-widget elementor-widget-text-editor\" data-id=\"257a808\" data-element_type=\"widget\" data-e-type=\"widget\" data-widget_type=\"text-editor.default\">\n\t\t\t\t\t\t\t\t\t<div class=\"wpb_text_column wpb_content_element \"><div class=\"wpb_wrapper\"><h4>\u00a0<span style=\"color: #7a7a7a; font-family: Roboto, sans-serif; font-weight: 400; font-size: 16px;\">El juego consiste en <\/span><b style=\"color: #7a7a7a; font-family: Roboto, sans-serif; font-size: 16px;\">comprar un cart\u00f3n con una cuadr\u00edcula de n\u00fameros y marcar los n\u00fameros que se van anunciando<\/b><span style=\"color: #7a7a7a; font-family: Roboto, sans-serif; font-weight: 400; font-size: 16px;\">. Para ganar, debes completar una l\u00ednea horizontal, vertical o diagonal, y si tienes suerte, conseguir el premio mayor cuando marques todos los n\u00fameros del cart\u00f3nl!<\/span><\/h4><\/div><\/div><div class=\"wpb_text_column wpb_content_element \"><div class=\"wpb_wrapper\"><p>\u00a1Genera cartones de bingo personalizados ilimitados gratis!<br \/>\u00a1Crea cartones de bingo \u00fanicos para imprimir o jugar en l\u00ednea con este generador de cartones de bingo gratuito! Elige entre 3 tama\u00f1os diferentes, una gran variedad de temas art\u00edsticos y dale un nombre a tu cart\u00f3n.<\/p><p>Descarga e imprime 1, 2 o 4 cartones por p\u00e1gina, \u00a1y pulsa \u00abplay\u00bb para escuchar el canto de las bolas y jugar con tus amigos! Personaliza el juego de bingo perfecto para cualquier ocasi\u00f3n.<\/p><p>\u00a1Crea tus propios cartones de bingo con n\u00fameros aleatorios e impr\u00edmelos hoy mismo!<\/p><\/div><\/div>\t\t\t\t\t\t\t\t<\/div>\n\t\t\t\t<\/div>\n\t\t\t\t<\/div>\n\t\t\t\t\t<\/div>\n\t\t\t\t<\/div>\n\t\t<div class=\"elementor-element elementor-element-fbd8a77 e-flex e-con-boxed e-con e-parent\" data-id=\"fbd8a77\" data-element_type=\"container\" data-e-type=\"container\">\n\t\t\t\t\t<div class=\"e-con-inner\">\n\t\t\t\t<div class=\"elementor-element elementor-element-bf2afaa elementor-widget elementor-widget-image\" data-id=\"bf2afaa\" data-element_type=\"widget\" data-e-type=\"widget\" data-widget_type=\"image.default\">\n\t\t\t\t\t\t\t\t\t\t\t\t\t\t\t<img decoding=\"async\" width=\"276\" height=\"300\" src=\"https:\/\/garamokogenagames.com\/wp-content\/uploads\/2026\/01\/Cards-276x300.png\" class=\"attachment-medium size-medium wp-image-655\" alt=\"\" srcset=\"https:\/\/garamokogenagames.com\/wp-content\/uploads\/2026\/01\/Cards-276x300.png 276w, https:\/\/garamokogenagames.com\/wp-content\/uploads\/2026\/01\/Cards.png 750w\" sizes=\"(max-width: 276px) 100vw, 276px\" \/>\t\t\t\t\t\t\t\t\t\t\t\t\t\t\t<\/div>\n\t\t\t\t\t<\/div>\n\t\t\t\t<\/div>\n\t\t<div class=\"elementor-element elementor-element-c409690 e-flex e-con-boxed e-con e-parent\" data-id=\"c409690\" data-element_type=\"container\" data-e-type=\"container\">\n\t\t\t\t\t<div class=\"e-con-inner\">\n\t\t<div class=\"elementor-element elementor-element-1b64cb4 e-con-full e-flex e-con e-child\" data-id=\"1b64cb4\" data-element_type=\"container\" data-e-type=\"container\">\n\t\t\t\t<div class=\"elementor-element elementor-element-85b5047 elementor-widget elementor-widget-heading\" data-id=\"85b5047\" data-element_type=\"widget\" data-e-type=\"widget\" data-widget_type=\"heading.default\">\n\t\t\t\t\t<h5 class=\"elementor-heading-title elementor-size-default\">Lanzado con las siguientes versiones:<\/h5>\t\t\t\t<\/div>\n\t\t\t\t<div class=\"elementor-element elementor-element-a22ecbd elementor-widget__width-initial elementor-icon-list--layout-traditional elementor-list-item-link-full_width elementor-widget elementor-widget-icon-list\" data-id=\"a22ecbd\" data-element_type=\"widget\" data-e-type=\"widget\" data-widget_type=\"icon-list.default\">\n\t\t\t\t\t\t\t<ul class=\"elementor-icon-list-items\">\n\t\t\t\t\t\t\t<li class=\"elementor-icon-list-item\">\n\t\t\t\t\t\t\t\t\t\t\t<span class=\"elementor-icon-list-icon\">\n\t\t\t\t\t\t\t<svg aria-hidden=\"true\" class=\"e-font-icon-svg e-fas-check\" viewBox=\"0 0 512 512\" xmlns=\"http:\/\/www.w3.org\/2000\/svg\"><path d=\"M173.898 439.404l-166.4-166.4c-9.997-9.997-9.997-26.206 0-36.204l36.203-36.204c9.997-9.998 26.207-9.998 36.204 0L192 312.69 432.095 72.596c9.997-9.997 26.207-9.997 36.204 0l36.203 36.204c9.997 9.997 9.997 26.206 0 36.204l-294.4 294.401c-9.998 9.997-26.207 9.997-36.204-.001z\"><\/path><\/svg>\t\t\t\t\t\t<\/span>\n\t\t\t\t\t\t\t\t\t\t<span class=\"elementor-icon-list-text\">BINGO BLITSZ - BINGO GAMES 1.0 - No. Registro 03-2025-101414053900-01<\/span>\n\t\t\t\t\t\t\t\t\t<\/li>\n\t\t\t\t\t\t\t\t<li class=\"elementor-icon-list-item\">\n\t\t\t\t\t\t\t\t\t\t\t<span class=\"elementor-icon-list-icon\">\n\t\t\t\t\t\t\t<svg aria-hidden=\"true\" class=\"e-font-icon-svg e-fas-check\" viewBox=\"0 0 512 512\" xmlns=\"http:\/\/www.w3.org\/2000\/svg\"><path d=\"M173.898 439.404l-166.4-166.4c-9.997-9.997-9.997-26.206 0-36.204l36.203-36.204c9.997-9.998 26.207-9.998 36.204 0L192 312.69 432.095 72.596c9.997-9.997 26.207-9.997 36.204 0l36.203 36.204c9.997 9.997 9.997 26.206 0 36.204l-294.4 294.401c-9.998 9.997-26.207 9.997-36.204-.001z\"><\/path><\/svg>\t\t\t\t\t\t<\/span>\n\t\t\t\t\t\t\t\t\t\t<span class=\"elementor-icon-list-text\">BINGO BLITSZ - BINGO GAMES 2.0 - No. Registro 03-2025-101413595400-01<\/span>\n\t\t\t\t\t\t\t\t\t<\/li>\n\t\t\t\t\t\t\t\t<li class=\"elementor-icon-list-item\">\n\t\t\t\t\t\t\t\t\t\t\t<span class=\"elementor-icon-list-icon\">\n\t\t\t\t\t\t\t<svg aria-hidden=\"true\" class=\"e-font-icon-svg e-fas-check\" viewBox=\"0 0 512 512\" xmlns=\"http:\/\/www.w3.org\/2000\/svg\"><path d=\"M173.898 439.404l-166.4-166.4c-9.997-9.997-9.997-26.206 0-36.204l36.203-36.204c9.997-9.998 26.207-9.998 36.204 0L192 312.69 432.095 72.596c9.997-9.997 26.207-9.997 36.204 0l36.203 36.204c9.997 9.997 9.997 26.206 0 36.204l-294.4 294.401c-9.998 9.997-26.207 9.997-36.204-.001z\"><\/path><\/svg>\t\t\t\t\t\t<\/span>\n\t\t\t\t\t\t\t\t\t\t<span class=\"elementor-icon-list-text\">BINGO BLITSZ - BINGO GAMES 3.0 - No. Registro 03-2025-101414001200-01<\/span>\n\t\t\t\t\t\t\t\t\t<\/li>\n\t\t\t\t\t\t\t\t<li class=\"elementor-icon-list-item\">\n\t\t\t\t\t\t\t\t\t\t\t<span class=\"elementor-icon-list-icon\">\n\t\t\t\t\t\t\t<svg aria-hidden=\"true\" class=\"e-font-icon-svg e-fas-check\" viewBox=\"0 0 512 512\" xmlns=\"http:\/\/www.w3.org\/2000\/svg\"><path d=\"M173.898 439.404l-166.4-166.4c-9.997-9.997-9.997-26.206 0-36.204l36.203-36.204c9.997-9.998 26.207-9.998 36.204 0L192 312.69 432.095 72.596c9.997-9.997 26.207-9.997 36.204 0l36.203 36.204c9.997 9.997 9.997 26.206 0 36.204l-294.4 294.401c-9.998 9.997-26.207 9.997-36.204-.001z\"><\/path><\/svg>\t\t\t\t\t\t<\/span>\n\t\t\t\t\t\t\t\t\t\t<span class=\"elementor-icon-list-text\">BINGO BLITSZ - BINGO GAMES 4.0 - No. Registro 03-2025-101414003100-01<\/span>\n\t\t\t\t\t\t\t\t\t<\/li>\n\t\t\t\t\t\t\t\t<li class=\"elementor-icon-list-item\">\n\t\t\t\t\t\t\t\t\t\t\t<span class=\"elementor-icon-list-icon\">\n\t\t\t\t\t\t\t<svg aria-hidden=\"true\" class=\"e-font-icon-svg e-fas-check\" viewBox=\"0 0 512 512\" xmlns=\"http:\/\/www.w3.org\/2000\/svg\"><path d=\"M173.898 439.404l-166.4-166.4c-9.997-9.997-9.997-26.206 0-36.204l36.203-36.204c9.997-9.998 26.207-9.998 36.204 0L192 312.69 432.095 72.596c9.997-9.997 26.207-9.997 36.204 0l36.203 36.204c9.997 9.997 9.997 26.206 0 36.204l-294.4 294.401c-9.998 9.997-26.207 9.997-36.204-.001z\"><\/path><\/svg>\t\t\t\t\t\t<\/span>\n\t\t\t\t\t\t\t\t\t\t<span class=\"elementor-icon-list-text\">BINGO BLITSZ - BINGO GAMES 5.0 - No. Registro 03-2025-092612283100-01<\/span>\n\t\t\t\t\t\t\t\t\t<\/li>\n\t\t\t\t\t\t\t\t<li class=\"elementor-icon-list-item\">\n\t\t\t\t\t\t\t\t\t\t\t<span class=\"elementor-icon-list-icon\">\n\t\t\t\t\t\t\t<svg aria-hidden=\"true\" class=\"e-font-icon-svg e-fas-check\" viewBox=\"0 0 512 512\" xmlns=\"http:\/\/www.w3.org\/2000\/svg\"><path d=\"M173.898 439.404l-166.4-166.4c-9.997-9.997-9.997-26.206 0-36.204l36.203-36.204c9.997-9.998 26.207-9.998 36.204 0L192 312.69 432.095 72.596c9.997-9.997 26.207-9.997 36.204 0l36.203 36.204c9.997 9.997 9.997 26.206 0 36.204l-294.4 294.401c-9.998 9.997-26.207 9.997-36.204-.001z\"><\/path><\/svg>\t\t\t\t\t\t<\/span>\n\t\t\t\t\t\t\t\t\t\t<span class=\"elementor-icon-list-text\">BINGO BLITSZ - BINGO GAMES 5.0 - No. Registro 03-2025-101412552900-01<\/span>\n\t\t\t\t\t\t\t\t\t<\/li>\n\t\t\t\t\t\t<\/ul>\n\t\t\t\t\t\t<\/div>\n\t\t\t\t<\/div>\n\t\t\t\t\t<\/div>\n\t\t\t\t<\/div>\n\t\t\t\t<\/div>\n\t\t","protected":false},"excerpt":{"rendered":"<p>\u00a1Probemos tu suerte! Bingo Blitz est\u00e1 destinado a mayores de 21 a\u00f1os \u00fanicamente con fines de entretenimiento y no ofrece apuestas con \u00abdinero real\u00bb, ni la oportunidad de ganar dinero real o premios reales basados \u200b\u200ben el juego. Jugar o tener \u00e9xito en este juego no implica \u00e9xito futuro en las apuestas con \u00abdinero real\u00bb. [&hellip;]<\/p>\n","protected":false},"author":1,"featured_media":0,"parent":0,"menu_order":0,"comment_status":"closed","ping_status":"closed","template":"","meta":{"footnotes":""},"class_list":["post-40","page","type-page","status-publish","hentry"],"_links":{"self":[{"href":"https:\/\/garamokogenagames.com\/index.php\/wp-json\/wp\/v2\/pages\/40","targetHints":{"allow":["GET"]}}],"collection":[{"href":"https:\/\/garamokogenagames.com\/index.php\/wp-json\/wp\/v2\/pages"}],"about":[{"href":"https:\/\/garamokogenagames.com\/index.php\/wp-json\/wp\/v2\/types\/page"}],"author":[{"embeddable":true,"href":"https:\/\/garamokogenagames.com\/index.php\/wp-json\/wp\/v2\/users\/1"}],"replies":[{"embeddable":true,"href":"https:\/\/garamokogenagames.com\/index.php\/wp-json\/wp\/v2\/comments?post=40"}],"version-history":[{"count":53,"href":"https:\/\/garamokogenagames.com\/index.php\/wp-json\/wp\/v2\/pages\/40\/revisions"}],"predecessor-version":[{"id":716,"href":"https:\/\/garamokogenagames.com\/index.php\/wp-json\/wp\/v2\/pages\/40\/revisions\/716"}],"wp:attachment":[{"href":"https:\/\/garamokogenagames.com\/index.php\/wp-json\/wp\/v2\/media?parent=40"}],"curies":[{"name":"wp","href":"https:\/\/api.w.org\/{rel}","templated":true}]}}