{"id":120,"date":"2026-01-25T08:45:22","date_gmt":"2026-01-25T08:45:22","guid":{"rendered":"https:\/\/garamokogenagames.com\/?page_id=120"},"modified":"2026-01-29T06:59:37","modified_gmt":"2026-01-29T06:59:37","slug":"double-u-casino-vegas-slots","status":"publish","type":"page","link":"https:\/\/garamokogenagames.com\/index.php\/double-u-casino-vegas-slots\/","title":{"rendered":"DOUBLE U CASINO &#8211; VEGAS SLOTS"},"content":{"rendered":"\t\t<div data-elementor-type=\"wp-page\" data-elementor-id=\"120\" class=\"elementor elementor-120\">\n\t\t\t\t<div class=\"elementor-element elementor-element-c674844 e-con-full e-flex e-con e-parent\" data-id=\"c674844\" data-element_type=\"container\" data-e-type=\"container\" data-settings=\"{&quot;background_background&quot;:&quot;classic&quot;}\">\n\t\t\t\t<\/div>\n\t\t<div class=\"elementor-element elementor-element-6dc832a e-flex e-con-boxed e-con e-parent\" data-id=\"6dc832a\" data-element_type=\"container\" data-e-type=\"container\">\n\t\t\t\t\t<div class=\"e-con-inner\">\n\t\t<div class=\"elementor-element elementor-element-00ac2f6 e-con-full e-flex e-con e-child\" data-id=\"00ac2f6\" data-element_type=\"container\" data-e-type=\"container\">\n\t\t\t\t<div class=\"elementor-element elementor-element-3db274c elementor-widget elementor-widget-text-editor\" data-id=\"3db274c\" data-element_type=\"widget\" data-e-type=\"widget\" data-widget_type=\"text-editor.default\">\n\t\t\t\t\t\t\t\t\t<p><strong>\u00bfTe sientes afortunado? \u00a1A qu\u00e9 esperas!<\/strong> \u00a1Hoy te mereces un poco de diversi\u00f3n! Es el momento perfecto para jugar gratis en DoubleU Casino.<\/p><p>\u00a1Comienza a ganar en un juego repleto de emocionantes premios! \u00bfCu\u00e1l de nuestros juegos de tragamonedas gratis ser\u00e1 tu nuevo juego favorito? Elige entre la enorme sala llena de tragamonedas de casino. \u00a1Explora todos los juegos y mira d\u00f3nde te lleva a ganar hoy! As\u00ed que entra, de d\u00eda o de noche, \u00a1porque este casino nunca cierra!<\/p><p>Desde jugadores de tragamonedas de casino experimentados hasta principiantes interesados en jugar tragamonedas gratis por diversi\u00f3n, seguramente encontrar\u00e1s mucho que te encantar\u00e1 en nuestro casino. Constantemente agregamos nuevos juegos de tragamonedas al casino, \u00a1as\u00ed que seguramente puedes encontrar el juego de tragamonedas perfecto para ti!<\/p><p><b><span style=\"color: red;\">DoubleU Casino<\/span><\/b>\u00a0es el sue\u00f1o de todo jugador de tragamonedas. Descubre nuestros infinitos juegos de tragamonedas gratis y frecuentes bonificaciones gratis. Construye tu mont\u00f3n de tesoros salvajes con fichas, monedas, gemas y m\u00e1s. \u00a1La suerte est\u00e1 de tu lado en nuestro casino! \u00a1Ven a jugar tragamonedas de casino, encuentra un nuevo juego de tragamonedas favorito y gana premios de tragamonedas gratis!<\/p><p>\u00bfBuscas variedad de m\u00e1quinas tragamonedas? Muchos juegos de tragamonedas gratis para explorar. Con \ud83d\udc8e<b>CIENTOS<\/b>\u00a0de juegos de m\u00e1quinas tragamonedas gratis\ud83d\udc8e para elegir, DUC trae la diversi\u00f3n todo el d\u00eda, todos los d\u00edas. \u00a1Estos son algunos de los juegos de tragamonedas gratis\u00a0<b>AHORA<\/b>!<\/p><p>\u25ba<b>Rolling in (More) Gold<\/b>: \u00a1Obt\u00e9n oro y una bonificaci\u00f3n de bonanza!<br \/>\u25ba<b>Cupid&#8217;s Shot, Devil&#8217;s Hot<\/b>: \u00a1Muestra tu punter\u00eda ganadora!<br \/>\u25ba<b>Werewolf Windfall<\/b>: Lobos al acecho, \u00a1pero tenemos hombres lobo listos para aullar!<br \/>\u25ba<b>Bumblebee Frenzy<\/b>: \u00a1Las ganancias salvajes son dulces como la miel!<br \/>\u25ba<b>Genie&#8217;s Magic Zone<\/b>: \u00a1Entra en la zona que es pura magia!<\/p>\t\t\t\t\t\t\t\t<\/div>\n\t\t\t\t<\/div>\n\t\t\t\t\t<\/div>\n\t\t\t\t<\/div>\n\t\t<div class=\"elementor-element elementor-element-80d28ff e-flex e-con-boxed e-con e-parent\" data-id=\"80d28ff\" data-element_type=\"container\" data-e-type=\"container\">\n\t\t\t\t\t<div class=\"e-con-inner\">\n\t\t<div class=\"elementor-element elementor-element-92b190e e-con-full e-flex e-con e-child\" data-id=\"92b190e\" data-element_type=\"container\" data-e-type=\"container\">\n\t\t\t\t<div class=\"elementor-element elementor-element-83f2b7c elementor-widget elementor-widget-image\" data-id=\"83f2b7c\" data-element_type=\"widget\" data-e-type=\"widget\" data-widget_type=\"image.default\">\n\t\t\t\t\t\t\t\t\t\t\t\t\t\t\t<img fetchpriority=\"high\" decoding=\"async\" width=\"768\" height=\"432\" src=\"https:\/\/garamokogenagames.com\/wp-content\/uploads\/2026\/01\/2-3-768x432.png\" class=\"attachment-medium_large size-medium_large wp-image-500\" alt=\"\" srcset=\"https:\/\/garamokogenagames.com\/wp-content\/uploads\/2026\/01\/2-3-768x432.png 768w, https:\/\/garamokogenagames.com\/wp-content\/uploads\/2026\/01\/2-3-300x169.png 300w, https:\/\/garamokogenagames.com\/wp-content\/uploads\/2026\/01\/2-3-1024x576.png 1024w, https:\/\/garamokogenagames.com\/wp-content\/uploads\/2026\/01\/2-3-1536x864.png 1536w, https:\/\/garamokogenagames.com\/wp-content\/uploads\/2026\/01\/2-3.png 1920w\" sizes=\"(max-width: 768px) 100vw, 768px\" \/>\t\t\t\t\t\t\t\t\t\t\t\t\t\t\t<\/div>\n\t\t<div class=\"elementor-element elementor-element-8aec3cf e-con-full e-flex e-con e-child\" data-id=\"8aec3cf\" data-element_type=\"container\" data-e-type=\"container\">\n\t\t\t\t<div class=\"elementor-element elementor-element-c4b8902 elementor-widget elementor-widget-heading\" data-id=\"c4b8902\" data-element_type=\"widget\" data-e-type=\"widget\" data-widget_type=\"heading.default\">\n\t\t\t\t\t<h4 class=\"elementor-heading-title elementor-size-default\">Lanzado con las siguientes  versiones:<\/h4>\t\t\t\t<\/div>\n\t\t\t\t<div class=\"elementor-element elementor-element-d8ca0ee elementor-icon-list--layout-traditional elementor-list-item-link-full_width elementor-widget elementor-widget-icon-list\" data-id=\"d8ca0ee\" data-element_type=\"widget\" data-e-type=\"widget\" data-widget_type=\"icon-list.default\">\n\t\t\t\t\t\t\t<ul class=\"elementor-icon-list-items\">\n\t\t\t\t\t\t\t<li class=\"elementor-icon-list-item\">\n\t\t\t\t\t\t\t\t\t\t\t<span class=\"elementor-icon-list-icon\">\n\t\t\t\t\t\t\t<svg aria-hidden=\"true\" class=\"e-font-icon-svg e-fas-check\" viewBox=\"0 0 512 512\" xmlns=\"http:\/\/www.w3.org\/2000\/svg\"><path d=\"M173.898 439.404l-166.4-166.4c-9.997-9.997-9.997-26.206 0-36.204l36.203-36.204c9.997-9.998 26.207-9.998 36.204 0L192 312.69 432.095 72.596c9.997-9.997 26.207-9.997 36.204 0l36.203 36.204c9.997 9.997 9.997 26.206 0 36.204l-294.4 294.401c-9.998 9.997-26.207 9.997-36.204-.001z\"><\/path><\/svg>\t\t\t\t\t\t<\/span>\n\t\t\t\t\t\t\t\t\t\t<span class=\"elementor-icon-list-text\">DOUBLE U CASINO - VEGAS SLOTS - No. Registro 03-2025-092612322000-01<\/span>\n\t\t\t\t\t\t\t\t\t<\/li>\n\t\t\t\t\t\t\t\t<li class=\"elementor-icon-list-item\">\n\t\t\t\t\t\t\t\t\t\t\t<span class=\"elementor-icon-list-icon\">\n\t\t\t\t\t\t\t<svg aria-hidden=\"true\" class=\"e-font-icon-svg e-fas-check\" viewBox=\"0 0 512 512\" xmlns=\"http:\/\/www.w3.org\/2000\/svg\"><path d=\"M173.898 439.404l-166.4-166.4c-9.997-9.997-9.997-26.206 0-36.204l36.203-36.204c9.997-9.998 26.207-9.998 36.204 0L192 312.69 432.095 72.596c9.997-9.997 26.207-9.997 36.204 0l36.203 36.204c9.997 9.997 9.997 26.206 0 36.204l-294.4 294.401c-9.998 9.997-26.207 9.997-36.204-.001z\"><\/path><\/svg>\t\t\t\t\t\t<\/span>\n\t\t\t\t\t\t\t\t\t\t<span class=\"elementor-icon-list-text\">DOUBLE U CASINO - VEGAS SLOTS 1.0 - No. Registro 03-2025-101412535600-01<\/span>\n\t\t\t\t\t\t\t\t\t<\/li>\n\t\t\t\t\t\t\t\t<li class=\"elementor-icon-list-item\">\n\t\t\t\t\t\t\t\t\t\t\t<span class=\"elementor-icon-list-icon\">\n\t\t\t\t\t\t\t<svg aria-hidden=\"true\" class=\"e-font-icon-svg e-fas-check\" viewBox=\"0 0 512 512\" xmlns=\"http:\/\/www.w3.org\/2000\/svg\"><path d=\"M173.898 439.404l-166.4-166.4c-9.997-9.997-9.997-26.206 0-36.204l36.203-36.204c9.997-9.998 26.207-9.998 36.204 0L192 312.69 432.095 72.596c9.997-9.997 26.207-9.997 36.204 0l36.203 36.204c9.997 9.997 9.997 26.206 0 36.204l-294.4 294.401c-9.998 9.997-26.207 9.997-36.204-.001z\"><\/path><\/svg>\t\t\t\t\t\t<\/span>\n\t\t\t\t\t\t\t\t\t\t<span class=\"elementor-icon-list-text\">DOUBLE U CASINO - VEGAS SLOTS 2.0 - No. Registro 03-2025-101412550300-01<\/span>\n\t\t\t\t\t\t\t\t\t<\/li>\n\t\t\t\t\t\t\t\t<li class=\"elementor-icon-list-item\">\n\t\t\t\t\t\t\t\t\t\t\t<span class=\"elementor-icon-list-icon\">\n\t\t\t\t\t\t\t<svg aria-hidden=\"true\" class=\"e-font-icon-svg e-fas-check\" viewBox=\"0 0 512 512\" xmlns=\"http:\/\/www.w3.org\/2000\/svg\"><path d=\"M173.898 439.404l-166.4-166.4c-9.997-9.997-9.997-26.206 0-36.204l36.203-36.204c9.997-9.998 26.207-9.998 36.204 0L192 312.69 432.095 72.596c9.997-9.997 26.207-9.997 36.204 0l36.203 36.204c9.997 9.997 9.997 26.206 0 36.204l-294.4 294.401c-9.998 9.997-26.207 9.997-36.204-.001z\"><\/path><\/svg>\t\t\t\t\t\t<\/span>\n\t\t\t\t\t\t\t\t\t\t<span class=\"elementor-icon-list-text\">DOUBLE U CASINO - VEGAS SLOTS 3.0 - No. Registro 03-2025-101413025200-01<\/span>\n\t\t\t\t\t\t\t\t\t<\/li>\n\t\t\t\t\t\t\t\t<li class=\"elementor-icon-list-item\">\n\t\t\t\t\t\t\t\t\t\t\t<span class=\"elementor-icon-list-icon\">\n\t\t\t\t\t\t\t<svg aria-hidden=\"true\" class=\"e-font-icon-svg e-fas-check\" viewBox=\"0 0 512 512\" xmlns=\"http:\/\/www.w3.org\/2000\/svg\"><path d=\"M173.898 439.404l-166.4-166.4c-9.997-9.997-9.997-26.206 0-36.204l36.203-36.204c9.997-9.998 26.207-9.998 36.204 0L192 312.69 432.095 72.596c9.997-9.997 26.207-9.997 36.204 0l36.203 36.204c9.997 9.997 9.997 26.206 0 36.204l-294.4 294.401c-9.998 9.997-26.207 9.997-36.204-.001z\"><\/path><\/svg>\t\t\t\t\t\t<\/span>\n\t\t\t\t\t\t\t\t\t\t<span class=\"elementor-icon-list-text\">DOUBLE U CASINO - VEGAS SLOTS 4.0 - No. Registro 03-2025-101413031300-01<\/span>\n\t\t\t\t\t\t\t\t\t<\/li>\n\t\t\t\t\t\t\t\t<li class=\"elementor-icon-list-item\">\n\t\t\t\t\t\t\t\t\t\t\t<span class=\"elementor-icon-list-icon\">\n\t\t\t\t\t\t\t<svg aria-hidden=\"true\" class=\"e-font-icon-svg e-fas-check\" viewBox=\"0 0 512 512\" xmlns=\"http:\/\/www.w3.org\/2000\/svg\"><path d=\"M173.898 439.404l-166.4-166.4c-9.997-9.997-9.997-26.206 0-36.204l36.203-36.204c9.997-9.998 26.207-9.998 36.204 0L192 312.69 432.095 72.596c9.997-9.997 26.207-9.997 36.204 0l36.203 36.204c9.997 9.997 9.997 26.206 0 36.204l-294.4 294.401c-9.998 9.997-26.207 9.997-36.204-.001z\"><\/path><\/svg>\t\t\t\t\t\t<\/span>\n\t\t\t\t\t\t\t\t\t\t<span class=\"elementor-icon-list-text\">DOUBLE U CASINO - VEGAS SLOTS 5.0 - No. Registro 03-2025-101412565000-01<\/span>\n\t\t\t\t\t\t\t\t\t<\/li>\n\t\t\t\t\t\t<\/ul>\n\t\t\t\t\t\t<\/div>\n\t\t\t\t<\/div>\n\t\t\t\t<\/div>\n\t\t\t\t\t<\/div>\n\t\t\t\t<\/div>\n\t\t\t\t<\/div>\n\t\t","protected":false},"excerpt":{"rendered":"<p>\u00bfTe sientes afortunado? \u00a1A qu\u00e9 esperas! \u00a1Hoy te mereces un poco de diversi\u00f3n! Es el momento perfecto para jugar gratis en DoubleU Casino. \u00a1Comienza a ganar en un juego repleto de emocionantes premios! \u00bfCu\u00e1l de nuestros juegos de tragamonedas gratis ser\u00e1 tu nuevo juego favorito? Elige entre la enorme sala llena de tragamonedas de casino. [&hellip;]<\/p>\n","protected":false},"author":1,"featured_media":0,"parent":0,"menu_order":0,"comment_status":"closed","ping_status":"closed","template":"","meta":{"footnotes":""},"class_list":["post-120","page","type-page","status-publish","hentry"],"_links":{"self":[{"href":"https:\/\/garamokogenagames.com\/index.php\/wp-json\/wp\/v2\/pages\/120","targetHints":{"allow":["GET"]}}],"collection":[{"href":"https:\/\/garamokogenagames.com\/index.php\/wp-json\/wp\/v2\/pages"}],"about":[{"href":"https:\/\/garamokogenagames.com\/index.php\/wp-json\/wp\/v2\/types\/page"}],"author":[{"embeddable":true,"href":"https:\/\/garamokogenagames.com\/index.php\/wp-json\/wp\/v2\/users\/1"}],"replies":[{"embeddable":true,"href":"https:\/\/garamokogenagames.com\/index.php\/wp-json\/wp\/v2\/comments?post=120"}],"version-history":[{"count":8,"href":"https:\/\/garamokogenagames.com\/index.php\/wp-json\/wp\/v2\/pages\/120\/revisions"}],"predecessor-version":[{"id":719,"href":"https:\/\/garamokogenagames.com\/index.php\/wp-json\/wp\/v2\/pages\/120\/revisions\/719"}],"wp:attachment":[{"href":"https:\/\/garamokogenagames.com\/index.php\/wp-json\/wp\/v2\/media?parent=120"}],"curies":[{"name":"wp","href":"https:\/\/api.w.org\/{rel}","templated":true}]}}